{"id":1848,"date":"2024-05-21T16:24:42","date_gmt":"2024-05-21T14:24:42","guid":{"rendered":"https:\/\/hilu.karenunfug.de\/well-filter-construction-luckenwalde\/"},"modified":"2024-12-22T08:53:01","modified_gmt":"2024-12-22T07:53:01","slug":"brunnenfilterbau-luckenwalde","status":"publish","type":"page","link":"https:\/\/www.hilu-brunnenfilter.de\/en\/","title":{"rendered":"Well filter construction Luckenwalde"},"content":{"rendered":"<p>[et_pb_section fb_built=&#8221;1&#8243; custom_padding_last_edited=&#8221;on|phone&#8221; admin_label=&#8221;HEADER&#8221; _builder_version=&#8221;4.27.4&#8243; _module_preset=&#8221;default&#8221; background_color=&#8221;#196380&#8243; use_background_color_gradient=&#8221;on&#8221; background_color_gradient_stops=&#8221;rgba(25,99,128,0.83) 0%|rgba(25,99,128,0.32) 100%&#8221; background_color_gradient_overlays_image=&#8221;on&#8221; background_image=&#8221;https:\/\/www.hilu-brunnenfilter.de\/wp-content\/uploads\/2024\/09\/HILU-Brunnenfilterbau-OHG-Luckenwalde.webp&#8221; parallax=&#8221;on&#8221; background_blend=&#8221;multiply&#8221; custom_padding=&#8221;100px||100px||true|false&#8221; custom_padding_tablet=&#8221;100px||100px||true|false&#8221; custom_padding_phone=&#8221;50px||50px||true|false&#8221; bottom_divider_style=&#8221;wave2&#8243; bottom_divider_color=&#8221;rgba(0,136,183,0.51)&#8221; collapsed=&#8221;off&#8221; global_colors_info=&#8221;{}&#8221;][et_pb_row _builder_version=&#8221;4.27.0&#8243; _module_preset=&#8221;default&#8221; global_colors_info=&#8221;{}&#8221;][et_pb_column type=&#8221;4_4&#8243; _builder_version=&#8221;4.27.0&#8243; _module_preset=&#8221;default&#8221; global_colors_info=&#8221;{}&#8221;][et_pb_text admin_label=&#8221;H1 &#8211; Titel automatisiert&#8221; _builder_version=&#8221;4.27.4&#8243; _dynamic_attributes=&#8221;content&#8221; _module_preset=&#8221;default&#8221; header_font=&#8221;Roboto REGULAR local|||on|||||&#8221; header_text_color=&#8221;#F5F3F1&#8243; header_font_size=&#8221;16px&#8221; header_letter_spacing=&#8221;2px&#8221; custom_margin=&#8221;||0px||false|false&#8221; header_font_size_tablet=&#8221;16px&#8221; header_font_size_phone=&#8221;14px&#8221; header_font_size_last_edited=&#8221;on|phone&#8221; global_colors_info=&#8221;{}&#8221;]@ET-DC@eyJkeW5hbWljIjp0cnVlLCJjb250ZW50IjoicG9zdF90aXRsZSIsInNldHRpbmdzIjp7ImJlZm9yZSI6IjxoMT4iLCJhZnRlciI6IjwvaDE+In19@[\/et_pb_text][et_pb_text admin_label=&#8221;Auszug &#8211; automatisiert&#8221; _builder_version=&#8221;4.27.4&#8243; _dynamic_attributes=&#8221;content&#8221; _module_preset=&#8221;default&#8221; text_font=&#8221;Oswald MEDIUM local||||||||&#8221; text_text_color=&#8221;#F5F3F1&#8243; text_font_size=&#8221;40px&#8221; text_line_height=&#8221;1.3em&#8221; text_font_size_tablet=&#8221;40px&#8221; text_font_size_phone=&#8221;36px&#8221; text_font_size_last_edited=&#8221;on|phone&#8221; text_line_height_tablet=&#8221;1.3em&#8221; text_line_height_phone=&#8221;1.3em&#8221; text_line_height_last_edited=&#8221;on|phone&#8221; global_colors_info=&#8221;{}&#8221;]@ET-DC@eyJkeW5hbWljIjp0cnVlLCJjb250ZW50IjoicG9zdF9leGNlcnB0Iiwic2V0dGluZ3MiOnsiYmVmb3JlIjoiIiwiYWZ0ZXIiOiIiLCJ3b3JkcyI6IiIsInJlYWRfbW9yZV9sYWJlbCI6IiJ9fQ==@[\/et_pb_text][et_pb_button button_text=&#8221;Contact us&#8221; admin_label=&#8221;Button &#8211; Kontakt&#8221; _builder_version=&#8221;4.27.0&#8243; _module_preset=&#8221;default&#8221; custom_button=&#8221;on&#8221; button_text_size=&#8221;16px&#8221; button_text_color=&#8221;#F5F3F1&#8243; button_bg_color=&#8221;#ED1C24&#8243; button_border_width=&#8221;0px&#8221; button_border_color=&#8221;#ED1C24&#8243; button_letter_spacing=&#8221;3px&#8221; button_font=&#8221;Roboto REGULAR local|600||on|||||&#8221; button_use_icon=&#8221;off&#8221; custom_padding=&#8221;11px|50px|11px|50px|true|true&#8221; box_shadow_style=&#8221;preset3&#8243; box_shadow_color=&#8221;rgba(50,62,72,0.7)&#8221; global_colors_info=&#8221;{}&#8221; button_text_color__hover_enabled=&#8221;on|hover&#8221; button_text_color__hover=&#8221;#196380&#8243; button_border_width__hover_enabled=&#8221;on|hover&#8221; button_border_color__hover_enabled=&#8221;off|desktop&#8221; button_border_color__hover=&#8221;#7BBED4&#8243; button_bg_color__hover_enabled=&#8221;on|desktop&#8221; button_bg_color__hover=&#8221;#7BBED4&#8243; button_bg_enable_color__hover=&#8221;on&#8221; button_border_width__hover=&#8221;0px&#8221;][\/et_pb_button][\/et_pb_column][\/et_pb_row][\/et_pb_section][et_pb_section fb_built=&#8221;1&#8243; custom_padding_last_edited=&#8221;on|phone&#8221; _builder_version=&#8221;4.27.4&#8243; _module_preset=&#8221;23ed43d8-414d-46d9-9c54-53014083b0a1&#8243; background_enable_color=&#8221;off&#8221; background_image=&#8221;https:\/\/www.hilu-brunnenfilter.de\/wp-content\/uploads\/2024\/12\/HiLu-Brunnenfilterbau-Winter-2-1-1.png?t=1734456330&#038;t=1734456330&#8243; background_position=&#8221;top_center&#8221; background_vertical_offset=&#8221;100%&#8221; background_blend=&#8221;multiply&#8221; custom_padding_tablet=&#8221;&#8221; custom_padding_phone=&#8221;50px||50px||true|false&#8221; global_colors_info=&#8221;{}&#8221;][et_pb_row column_structure=&#8221;2_5,3_5&#8243; _builder_version=&#8221;4.27.4&#8243; _module_preset=&#8221;default&#8221; global_colors_info=&#8221;{}&#8221;][et_pb_column type=&#8221;2_5&#8243; _builder_version=&#8221;4.27.4&#8243; _module_preset=&#8221;default&#8221; global_colors_info=&#8221;{}&#8221;][et_pb_image src=&#8221;https:\/\/www.hilu-brunnenfilter.de\/wp-content\/uploads\/2024\/12\/Frohe-Weihnachten.webp&#8221; alt=&#8221;Merry Christmas&#8221; title_text=&#8221;Merry Christmas&#8221; _builder_version=&#8221;4.27.4&#8243; _module_preset=&#8221;default&#8221; border_width_all=&#8221;7px&#8221; border_color_all=&#8221;#FFFFFF&#8221; box_shadow_style=&#8221;preset3&#8243; box_shadow_color=&#8221;rgba(50,62,72,0.3)&#8221; global_colors_info=&#8221;{}&#8221;][\/et_pb_image][\/et_pb_column][et_pb_column type=&#8221;3_5&#8243; _builder_version=&#8221;4.27.4&#8243; _module_preset=&#8221;default&#8221; global_colors_info=&#8221;{}&#8221;][et_pb_text _builder_version=&#8221;4.27.4&#8243; _module_preset=&#8221;bd2de167-ac11-490c-8bc1-4b0ef14a6ae2&#8243; custom_padding=&#8221;60px|||||&#8221; custom_padding_tablet=&#8221;60px|||||&#8221; custom_padding_phone=&#8221;0px||||false|false&#8221; custom_padding_last_edited=&#8221;on|phone&#8221; global_colors_info=&#8221;{}&#8221;]<\/p>\n<h3>Latest news<\/h3>\n<p>We wish all our customers and partners a wonderful and peaceful Christmas and a healthy, successful start to the New Year.<\/p>\n<p>We will be available for you again from January 6, 2025.<\/p>\n<p>[\/et_pb_text][\/et_pb_column][\/et_pb_row][\/et_pb_section][et_pb_section fb_built=&#8221;1&#8243; admin_label=&#8221;PRODUKT \u00dcbersicht&#8221; _builder_version=&#8221;4.27.3&#8243; _module_preset=&#8221;default&#8221; custom_padding=&#8221;90px||90px||true|&#8221; top_divider_style=&#8221;wave2&#8243; top_divider_color=&#8221;rgba(123,190,212,0.1)&#8221; bottom_divider_style=&#8221;wave2&#8243; bottom_divider_color=&#8221;rgba(123,190,212,0.11)&#8221; bottom_divider_flip=&#8221;horizontal&#8221; global_module=&#8221;927&#8243; saved_tabs=&#8221;all&#8221; collapsed=&#8221;off&#8221; global_colors_info=&#8221;{}&#8221;][et_pb_row _builder_version=&#8221;4.27.3&#8243; _module_preset=&#8221;fddfc1be-9557-452c-96e8-f033944a0a93&#8243; background_size=&#8221;initial&#8221; background_position=&#8221;top_left&#8221; background_repeat=&#8221;repeat&#8221; custom_padding=&#8221;0px||30px||false|false&#8221; global_colors_info=&#8221;{}&#8221;][et_pb_column type=&#8221;4_4&#8243; _builder_version=&#8221;4.16&#8243; _module_preset=&#8221;default&#8221; custom_padding=&#8221;|||&#8221; global_colors_info=&#8221;{}&#8221; custom_padding__hover=&#8221;|||&#8221;][dipi_divider content_text=&#8221;Our products for well construction projects&#8221; content_text_tag=&#8221;h2&#8243; admin_label=&#8221;H2 &#8211; HiLu Brunnenkopf&#8221; _builder_version=&#8221;4.27.4&#8243; _dynamic_attributes=&#8221;content_text&#8221; _module_preset=&#8221;6f374d82-a4f5-41cd-b189-913d483eb8ed&#8221; global_colors_info=&#8221;{}&#8221; hover_enabled=&#8221;0&#8243; sticky_enabled=&#8221;0&#8243;][\/dipi_divider][et_pb_text admin_label=&#8221;H2 &#8211; Der HiLu Brunnenkopf: Innovation f\u00fcr Ihren Brunnenbau&#8221; _builder_version=&#8221;4.27.4&#8243; _module_preset=&#8221;bd2de167-ac11-490c-8bc1-4b0ef14a6ae2&#8243; global_colors_info=&#8221;{}&#8221;]<\/p>\n<h3>Innovation from our own production<\/h3>\n<p><strong>We are your reliable partner for innovative well filter systems. Our tailor-made solutions have been developed using high-quality materials and offer outstanding performance and a long service life for your well system.<\/strong><\/p>\n<p>With over 130 years of experience and the latest technology, we guarantee the highest quality and efficiency. Let&#8217;s find the perfect solution for your project together![\/et_pb_text][\/et_pb_column][\/et_pb_row][et_pb_row use_custom_gutter=&#8221;on&#8221; gutter_width=&#8221;2&#8243; _builder_version=&#8221;4.27.0&#8243; _module_preset=&#8221;default&#8221; custom_padding=&#8221;0px||30px||false|false&#8221; global_colors_info=&#8221;{}&#8221;][et_pb_column type=&#8221;4_4&#8243; _builder_version=&#8221;4.27.0&#8243; _module_preset=&#8221;default&#8221; global_colors_info=&#8221;{}&#8221;][et_pb_portfolio fullwidth=&#8221;off&#8221; posts_number=&#8221;12&#8243; include_categories=&#8221;,all&#8221; show_categories=&#8221;off&#8221; show_pagination=&#8221;off&#8221; zoom_icon_color=&#8221;#ED1C24&#8243; hover_overlay_color=&#8221;rgba(25,99,128,0.9)&#8221; _builder_version=&#8221;4.27.2&#8243; _module_preset=&#8221;default&#8221; title_font=&#8221;Oswald MEDIUM local||||||||&#8221; title_text_align=&#8221;center&#8221; title_font_size=&#8221;22px&#8221; title_line_height=&#8221;1.3em&#8221; border_radii_image=&#8221;on|7px|7px|7px|7px&#8221; box_shadow_style_image=&#8221;preset3&#8243; box_shadow_color_image=&#8221;rgba(50,62,72,0.2)&#8221; global_colors_info=&#8221;{}&#8221; title_text_color__hover_enabled=&#8221;on|desktop&#8221; title_text_color__hover=&#8221;#ED1C24&#8243;][\/et_pb_portfolio][\/et_pb_column][\/et_pb_row][et_pb_row column_structure=&#8221;1_2,1_2&#8243; _builder_version=&#8221;4.27.4&#8243; _module_preset=&#8221;default&#8221; global_colors_info=&#8221;{}&#8221;][et_pb_column type=&#8221;1_2&#8243; _builder_version=&#8221;4.27.4&#8243; _module_preset=&#8221;default&#8221; global_colors_info=&#8221;{}&#8221;][et_pb_button button_url=&#8221;@ET-DC@eyJkeW5hbWljIjp0cnVlLCJjb250ZW50IjoicG9zdF9saW5rX3VybF9wYWdlIiwic2V0dGluZ3MiOnsicG9zdF9pZCI6IjUwIn19@&#8221; url_new_window=&#8221;on&#8221; button_text=&#8221;Price lists&#8221; button_alignment=&#8221;right&#8221; admin_label=&#8221;Button &#8211; Preislisten&#8221; _builder_version=&#8221;4.27.4&#8243; _dynamic_attributes=&#8221;button_url&#8221; _module_preset=&#8221;a704f65d-bf6b-4c8c-a750-30f6acfae522&#8243; global_colors_info=&#8221;{}&#8221;][\/et_pb_button][\/et_pb_column][et_pb_column type=&#8221;1_2&#8243; _builder_version=&#8221;4.27.4&#8243; _module_preset=&#8221;default&#8221; global_colors_info=&#8221;{}&#8221;][et_pb_button button_url=&#8221;@ET-DC@eyJkeW5hbWljIjp0cnVlLCJjb250ZW50IjoicG9zdF9saW5rX3VybF9wYWdlIiwic2V0dGluZ3MiOnsicG9zdF9pZCI6IjkwOSJ9fQ==@&#8221; url_new_window=&#8221;on&#8221; button_text=&#8221;Data sheets&#8221; admin_label=&#8221;Button &#8211; Datenbl\u00e4tter&#8221; _builder_version=&#8221;4.27.4&#8243; _dynamic_attributes=&#8221;button_url&#8221; _module_preset=&#8221;a704f65d-bf6b-4c8c-a750-30f6acfae522&#8243; global_colors_info=&#8221;{}&#8221;][\/et_pb_button][\/et_pb_column][\/et_pb_row][\/et_pb_section][et_pb_section fb_built=&#8221;1&#8243; admin_label=&#8221;CTA > Kontakt NEU&#8221; _builder_version=&#8221;4.27.3&#8243; _module_preset=&#8221;default&#8221; background_image=&#8221;https:\/\/www.hilu-brunnenfilter.de\/wp-content\/uploads\/2024\/09\/HiLu-Brunnenfilterbau-OHG-Kontakt.webp&#8221; parallax=&#8221;on&#8221; custom_padding=&#8221;100px||100px||true|&#8221; top_divider_style=&#8221;wave2&#8243; top_divider_color=&#8221;rgba(123,190,212,0.31)&#8221; bottom_divider_style=&#8221;wave2&#8243; bottom_divider_color=&#8221;rgba(123,190,212,0.3)&#8221; global_module=&#8221;1376&#8243; saved_tabs=&#8221;all&#8221; collapsed=&#8221;on&#8221; global_colors_info=&#8221;{}&#8221;][et_pb_row _builder_version=&#8221;4.27.4&#8243; _module_preset=&#8221;default&#8221; background_color=&#8221;rgba(245,243,241,0.8)&#8221; custom_padding=&#8221;70px|150px|70px|150px|true|true&#8221; custom_padding_phone=&#8221;40px|20px|40px|20px|true|true&#8221; border_radii=&#8221;on|7px|7px|7px|7px&#8221; border_width_all=&#8221;1px&#8221; border_color_all=&#8221;#FFFFFF&#8221; global_colors_info=&#8221;{}&#8221;][et_pb_column type=&#8221;4_4&#8243; _builder_version=&#8221;4.27.3&#8243; _module_preset=&#8221;default&#8221; global_colors_info=&#8221;{}&#8221;][et_pb_text admin_label=&#8221;H3 &#8211; Wir sind f\u00fcr Sie da!&#8221; _builder_version=&#8221;4.27.4&#8243; _module_preset=&#8221;default&#8221; header_3_font=&#8221;Oswald MEDIUM local||||||||&#8221; header_3_text_align=&#8221;center&#8221; header_3_text_color=&#8221;#196380&#8243; header_3_font_size=&#8221;30px&#8221; custom_margin=&#8221;||10px||false|false&#8221; global_colors_info=&#8221;{}&#8221;]<\/p>\n<h3>We are here for you!<\/h3>\n<p>[\/et_pb_text][et_pb_text admin_label=&#8221;T &#8211; Egal, ob Sie Fragen haben, eine pers\u00f6nliche Beratung w\u00fcnschen oder bereit sind, Ihre Bestellung aufzugeben &#8211; unser Team steht Ihnen jederzeit zur Verf\u00fcgung.&#8221; _builder_version=&#8221;4.27.3&#8243; _module_preset=&#8221;bd2de167-ac11-490c-8bc1-4b0ef14a6ae2&#8243; text_font=&#8221;Roboto BOLD local||||||||&#8221; text_text_color=&#8221;#196380&#8243; text_font_size=&#8221;20px&#8221; text_orientation=&#8221;center&#8221; custom_padding=&#8221;|0px||0px|false|true&#8221; global_colors_info=&#8221;{}&#8221;]<\/p>\n<p>Whether you have any questions, would like personal advice or are ready to place your order &#8211; our team is always available to help.<\/p>\n<p>[\/et_pb_text][et_pb_button button_text=&#8221;Contact us&#8221; button_alignment=&#8221;center&#8221; admin_label=&#8221;Button &#8211; Kontakt&#8221; _builder_version=&#8221;4.27.2&#8243; _module_preset=&#8221;default&#8221; custom_button=&#8221;on&#8221; button_text_size=&#8221;16px&#8221; button_text_color=&#8221;#F5F3F1&#8243; button_bg_color=&#8221;#ED1C24&#8243; button_border_width=&#8221;0px&#8221; button_border_color=&#8221;#ED1C24&#8243; button_letter_spacing=&#8221;3px&#8221; button_font=&#8221;Roboto REGULAR local|600||on|||||&#8221; button_use_icon=&#8221;off&#8221; custom_padding=&#8221;11px|50px|11px|50px|true|true&#8221; box_shadow_style=&#8221;preset3&#8243; box_shadow_color=&#8221;rgba(50,62,72,0.7)&#8221; global_colors_info=&#8221;{}&#8221; button_text_color__hover_enabled=&#8221;on|hover&#8221; button_text_color__hover=&#8221;#196380&#8243; button_border_width__hover_enabled=&#8221;on|hover&#8221; button_border_color__hover_enabled=&#8221;off|desktop&#8221; button_border_color__hover=&#8221;#7BBED4&#8243; button_bg_color__hover_enabled=&#8221;on|desktop&#8221; button_bg_color__hover=&#8221;#7BBED4&#8243; button_bg_enable_color__hover=&#8221;on&#8221; button_border_width__hover=&#8221;0px&#8221;][\/et_pb_button][\/et_pb_column][\/et_pb_row][\/et_pb_section][et_pb_section fb_built=&#8221;1&#8243; custom_padding_last_edited=&#8221;on|phone&#8221; admin_label=&#8221;HISTORIE Teaser&#8221; _builder_version=&#8221;4.27.4&#8243; _module_preset=&#8221;default&#8221; custom_padding=&#8221;90px||90px||true|&#8221; custom_padding_tablet=&#8221;90px||90px||true|&#8221; custom_padding_phone=&#8221;50px||50px||true|false&#8221; top_divider_style=&#8221;wave2&#8243; top_divider_color=&#8221;rgba(123,190,212,0.11)&#8221; bottom_divider_color=&#8221;rgba(123,190,212,0.11)&#8221; bottom_divider_flip=&#8221;horizontal&#8221; global_module=&#8221;922&#8243; saved_tabs=&#8221;all&#8221; collapsed=&#8221;on&#8221; global_colors_info=&#8221;{}&#8221;][et_pb_row column_structure=&#8221;1_2,1_2&#8243; _builder_version=&#8221;4.16&#8243; _module_preset=&#8221;fddfc1be-9557-452c-96e8-f033944a0a93&#8243; background_size=&#8221;initial&#8221; background_position=&#8221;top_left&#8221; background_repeat=&#8221;repeat&#8221; global_colors_info=&#8221;{}&#8221;][et_pb_column type=&#8221;1_2&#8243; _builder_version=&#8221;4.16&#8243; _module_preset=&#8221;default&#8221; custom_padding=&#8221;|||&#8221; global_colors_info=&#8221;{}&#8221; custom_padding__hover=&#8221;|||&#8221;][dipi_divider content_text=&#8221;History&#8221; content_text_tag=&#8221;h2&#8243; items_alignment=&#8221;left&#8221; hide_first_element=&#8221;on&#8221; hide_second_element=&#8221;on&#8221; first_decoration_style=&#8221;empty&#8221; content_padding=&#8221;6px|10px|6px|10px|true|true&#8221; content_bg_color=&#8221;#0088B7&#8243; content_padding_tablet=&#8221;&#8221; content_padding_phone=&#8221;4px|10px|3px|10px|false|true&#8221; content_padding_last_edited=&#8221;on|phone&#8221; admin_label=&#8221;H2 &#8211; HiLu Brunnenkopf&#8221; _builder_version=&#8221;4.27.0&#8243; _dynamic_attributes=&#8221;content_text&#8221; _module_preset=&#8221;default&#8221; text_font=&#8221;Roboto BOLD local|||on|||||&#8221; text_text_color=&#8221;#F5F3F1&#8243; text_font_size=&#8221;16px&#8221; text_letter_spacing=&#8221;2px&#8221; custom_margin=&#8221;||0px||false|false&#8221; custom_margin_tablet=&#8221;&#8221; custom_margin_phone=&#8221;0px||||false|false&#8221; custom_margin_last_edited=&#8221;on|phone&#8221; custom_padding=&#8221;||10px||false|false&#8221; text_text_align_tablet=&#8221;&#8221; text_text_align_phone=&#8221;center&#8221; text_text_align_last_edited=&#8221;on|phone&#8221; text_font_size_tablet=&#8221;&#8221; text_font_size_phone=&#8221;14px&#8221; text_font_size_last_edited=&#8221;on|phone&#8221; text_line_height_tablet=&#8221;&#8221; text_line_height_phone=&#8221;1.3em&#8221; text_line_height_last_edited=&#8221;on|phone&#8221; global_colors_info=&#8221;{}&#8221;][\/dipi_divider][et_pb_text admin_label=&#8221;H2 &#8211; Der HiLu Brunnenkopf: Innovation f\u00fcr Ihren Brunnenbau&#8221; _builder_version=&#8221;4.27.0&#8243; _module_preset=&#8221;bd2de167-ac11-490c-8bc1-4b0ef14a6ae2&#8243; global_colors_info=&#8221;{}&#8221;]<\/p>\n<h3>130 years in the family tradition<\/h3>\n<p><strong>In September 2024, we at Hilu Brunnenfilterbau OHG celebrated our 130th company anniversary &#8211; a proud milestone for our family business, which has stood for quality, innovation and trust in well filter technology for generations. It was a special day on which we not only celebrated our tradition, but also looked to the future together with our loyal customers and partners. <\/strong>[\/et_pb_text][\/et_pb_column][et_pb_column type=&#8221;1_2&#8243; _builder_version=&#8221;4.16&#8243; _module_preset=&#8221;default&#8221; custom_padding=&#8221;|||&#8221; global_colors_info=&#8221;{}&#8221; custom_padding__hover=&#8221;|||&#8221;][et_pb_image src=&#8221;https:\/\/www.hilu-brunnenfilter.de\/wp-content\/uploads\/2024\/09\/HiLu-cBrunnenfilterbau-130-Jahre.webp&#8221; title_text=&#8221;HiLu-Well filter construction-130-years&#8221; _builder_version=&#8221;4.27.0&#8243; _module_preset=&#8221;default&#8221; custom_padding=&#8221;29px|||||&#8221; box_shadow_style=&#8221;preset3&#8243; box_shadow_color=&#8221;rgba(50,62,72,0.3)&#8221; global_colors_info=&#8221;{}&#8221;][\/et_pb_image][\/et_pb_column][\/et_pb_row][et_pb_row column_structure=&#8221;1_2,1_2&#8243; _builder_version=&#8221;4.27.0&#8243; _module_preset=&#8221;d16ab211-c357-4e72-93a7-f0d132514d40&#8243; global_colors_info=&#8221;{}&#8221;][et_pb_column type=&#8221;1_2&#8243; _builder_version=&#8221;4.27.0&#8243; _module_preset=&#8221;default&#8221; global_colors_info=&#8221;{}&#8221;][et_pb_text admin_label=&#8221;H2 &#8211; Der HiLu Brunnenkopf: Innovation f\u00fcr Ihren Brunnenbau&#8221; _builder_version=&#8221;4.27.0&#8243; _module_preset=&#8221;bd2de167-ac11-490c-8bc1-4b0ef14a6ae2&#8243; global_colors_info=&#8221;{}&#8221;]<\/p>\n<p>The celebrations took place on our company premises, where we welcomed numerous guests &#8211; including long-standing customers, partner companies and friends of our company.<\/p>\n<p>We were particularly proud that some of our visitors exhibited their drilling equipment and innovative products, which generated a great deal of interest and lively technical discussions among our participants.<\/p>\n<p>A special highlight was the demonstration by the fire department from Luckenwalde. They clearly showed how a modern fire extinguishing well works &#8211; an exciting demonstration that not only impressed our expert guests, but was also an experience for the whole audience. <\/p>\n<p>[\/et_pb_text][\/et_pb_column][et_pb_column type=&#8221;1_2&#8243; _builder_version=&#8221;4.27.0&#8243; _module_preset=&#8221;default&#8221; global_colors_info=&#8221;{}&#8221;][et_pb_text admin_label=&#8221;H2 &#8211; Der HiLu Brunnenkopf: Innovation f\u00fcr Ihren Brunnenbau&#8221; _builder_version=&#8221;4.27.0&#8243; _module_preset=&#8221;bd2de167-ac11-490c-8bc1-4b0ef14a6ae2&#8243; global_colors_info=&#8221;{}&#8221;]<\/p>\n<p>In addition to the technical insights, there was also plenty of fun to be had: We organized a raffle with attractive prizes for the sports clubs in our region, with all proceeds going towards regional club work.<\/p>\n<p>This day was not only a review of 130 successful years, but also an opportunity to further strengthen the trusting cooperation that is so important to us.<\/p>\n<p>We look to the future with confidence and joy &#8211; together with our customers and partners who have been with us for so long.<\/p>\n<p>[\/et_pb_text][et_pb_button button_url=&#8221;@ET-DC@eyJkeW5hbWljIjp0cnVlLCJjb250ZW50IjoicG9zdF9saW5rX3VybF9wYWdlIiwic2V0dGluZ3MiOnsicG9zdF9pZCI6IjU0IiwiZW5hYmxlX2h0bWwiOiJvZmYifX0=@&#8221; url_new_window=&#8221;on&#8221; button_text=&#8221;More About us&#8221; _builder_version=&#8221;4.27.0&#8243; _dynamic_attributes=&#8221;button_url&#8221; _module_preset=&#8221;default&#8221; custom_button=&#8221;on&#8221; button_text_size=&#8221;18px&#8221; button_text_color=&#8221;#ED1C24&#8243; button_bg_color=&#8221;#F5F3F1&#8243; button_border_color=&#8221;#ED1C24&#8243; button_letter_spacing=&#8221;2px&#8221; button_font=&#8221;Roboto REGULAR local|600||on|||||&#8221; button_use_icon=&#8221;off&#8221; custom_padding=&#8221;7px|30px||30px|false|true&#8221; box_shadow_style=&#8221;preset3&#8243; box_shadow_color=&#8221;rgba(50,62,72,0.1)&#8221; global_colors_info=&#8221;{}&#8221; button_text_color__hover_enabled=&#8221;on|desktop&#8221; button_text_color__hover=&#8221;#0088B7&#8243; button_border_color__hover_enabled=&#8221;on|desktop&#8221; button_border_color__hover=&#8221;#0088B7&#8243;][\/et_pb_button][\/et_pb_column][\/et_pb_row][\/et_pb_section]<\/p>\n","protected":false},"excerpt":{"rendered":"<p>We are your partner for high-quality well filter solutions and innovative custom-made products with over 130 years of experience.<\/p>\n","protected":false},"author":1,"featured_media":1570,"parent":0,"menu_order":0,"comment_status":"closed","ping_status":"closed","template":"","meta":{"_acf_changed":false,"_et_pb_use_builder":"on","_et_pb_old_content":"","_et_gb_content_width":"","footnotes":""},"folder":[],"class_list":["post-1848","page","type-page","status-publish","has-post-thumbnail","hentry"],"acf":[],"_links":{"self":[{"href":"https:\/\/www.hilu-brunnenfilter.de\/en\/wp-json\/wp\/v2\/pages\/1848","targetHints":{"allow":["GET"]}}],"collection":[{"href":"https:\/\/www.hilu-brunnenfilter.de\/en\/wp-json\/wp\/v2\/pages"}],"about":[{"href":"https:\/\/www.hilu-brunnenfilter.de\/en\/wp-json\/wp\/v2\/types\/page"}],"author":[{"embeddable":true,"href":"https:\/\/www.hilu-brunnenfilter.de\/en\/wp-json\/wp\/v2\/users\/1"}],"replies":[{"embeddable":true,"href":"https:\/\/www.hilu-brunnenfilter.de\/en\/wp-json\/wp\/v2\/comments?post=1848"}],"version-history":[{"count":56,"href":"https:\/\/www.hilu-brunnenfilter.de\/en\/wp-json\/wp\/v2\/pages\/1848\/revisions"}],"predecessor-version":[{"id":2388,"href":"https:\/\/www.hilu-brunnenfilter.de\/en\/wp-json\/wp\/v2\/pages\/1848\/revisions\/2388"}],"wp:featuredmedia":[{"embeddable":true,"href":"https:\/\/www.hilu-brunnenfilter.de\/en\/wp-json\/wp\/v2\/media\/1570"}],"wp:attachment":[{"href":"https:\/\/www.hilu-brunnenfilter.de\/en\/wp-json\/wp\/v2\/media?parent=1848"}],"wp:term":[{"taxonomy":"folder","embeddable":true,"href":"https:\/\/www.hilu-brunnenfilter.de\/en\/wp-json\/wp\/v2\/folder?post=1848"}],"curies":[{"name":"wp","href":"https:\/\/api.w.org\/{rel}","templated":true}]}}