{"id":1843,"date":"2024-04-29T12:34:41","date_gmt":"2024-04-29T10:34:41","guid":{"rendered":"https:\/\/hilu.karenunfug.de\/about-us\/"},"modified":"2024-12-22T08:00:25","modified_gmt":"2024-12-22T07:00:25","slug":"about","status":"publish","type":"page","link":"https:\/\/www.hilu-brunnenfilter.de\/en\/about\/","title":{"rendered":"About"},"content":{"rendered":"<p>[et_pb_section fb_built=&#8221;1&#8243; custom_padding_last_edited=&#8221;on|phone&#8221; admin_label=&#8221;HEADER mit Kontakt-Button&#8221; _builder_version=&#8221;4.27.4&#8243; _dynamic_attributes=&#8221;background_image&#8221; _module_preset=&#8221;default&#8221; background_color=&#8221;rgba(123,190,212,0.3)&#8221; background_enable_color=&#8221;off&#8221; use_background_color_gradient=&#8221;on&#8221; background_color_gradient_stops=&#8221;rgba(245,243,241,0.77) 0%|#f5f3f1 0%|rgba(123,190,212,0.3) 100%&#8221; background_color_gradient_overlays_image=&#8221;on&#8221; background_image=&#8221;https:\/\/www.hilu-brunnenfilter.de\/wp-content\/uploads\/2024\/11\/Hilu-Brunnenfilterbau-OHG-Luckenwalde-2.webp&#8221; background_enable_image=&#8221;off&#8221; parallax=&#8221;on&#8221; background_blend=&#8221;multiply&#8221; z_index=&#8221;3&#8243; custom_padding=&#8221;100px||100px||true|false&#8221; custom_padding_tablet=&#8221;100px||100px||true|false&#8221; custom_padding_phone=&#8221;50px||50px||true|false&#8221; top_divider_color=&#8221;#F5F3F1&#8243; bottom_divider_style=&#8221;wave2&#8243; bottom_divider_color=&#8221;rgba(123,190,212,0.1)&#8221; global_module=&#8221;436&#8243; saved_tabs=&#8221;all&#8221; collapsed=&#8221;on&#8221; global_colors_info=&#8221;{}&#8221;][et_pb_row column_structure=&#8221;1_2,1_2&#8243; _builder_version=&#8221;4.27.4&#8243; _module_preset=&#8221;default&#8221; hover_enabled=&#8221;0&#8243; global_colors_info=&#8221;{}&#8221; custom_padding_phone=&#8221;0px||||false|false&#8221; sticky_enabled=&#8221;0&#8243;][et_pb_column type=&#8221;1_2&#8243; _builder_version=&#8221;4.27.3&#8243; _module_preset=&#8221;default&#8221; global_colors_info=&#8221;{}&#8221;][et_pb_image src=&#8221;@ET-DC@eyJkeW5hbWljIjp0cnVlLCJjb250ZW50IjoicG9zdF9mZWF0dXJlZF9pbWFnZSIsInNldHRpbmdzIjp7fX0=@&#8221; disabled_on=&#8221;off|on|on&#8221; admin_label=&#8221;Beitragsbild &#8211; MOBIL&#8221; _builder_version=&#8221;4.27.4&#8243; _dynamic_attributes=&#8221;src&#8221; _module_preset=&#8221;6a021e51-6bc3-4351-8c0c-83a97b201a89&#8243; custom_padding=&#8221;0px||||false|false&#8221; border_radii=&#8221;on|7px|7px|7px|7px&#8221; border_color_all=&#8221;#FFFFFF&#8221; global_colors_info=&#8221;{}&#8221;][\/et_pb_image][et_pb_text admin_label=&#8221;H1 &#8211; Titel automatisiert&#8221; _builder_version=&#8221;4.27.4&#8243; _dynamic_attributes=&#8221;content&#8221; _module_preset=&#8221;default&#8221; header_font=&#8221;Roboto REGULAR local|||on|||||&#8221; header_text_color=&#8221;#196380&#8243; header_font_size=&#8221;16px&#8221; header_letter_spacing=&#8221;2px&#8221; custom_margin=&#8221;||10px||false|false&#8221; header_font_size_tablet=&#8221;&#8221; header_font_size_phone=&#8221;15px&#8221; header_font_size_last_edited=&#8221;on|phone&#8221; header_line_height_tablet=&#8221;&#8221; header_line_height_phone=&#8221;1.3em&#8221; header_line_height_last_edited=&#8221;on|phone&#8221; global_colors_info=&#8221;{}&#8221;]@ET-DC@eyJkeW5hbWljIjp0cnVlLCJjb250ZW50IjoicG9zdF90aXRsZSIsInNldHRpbmdzIjp7ImJlZm9yZSI6IjxoMT4iLCJhZnRlciI6IjxcL2gxPiJ9fQ==@[\/et_pb_text][et_pb_text admin_label=&#8221;H2 &#8211; Auszug automatisiert&#8221; _builder_version=&#8221;4.27.2&#8243; _dynamic_attributes=&#8221;content&#8221; _module_preset=&#8221;default&#8221; header_font=&#8221;Oswald MEDIUM local||||||||&#8221; header_text_color=&#8221;#F5F3F1&#8243; header_font_size=&#8221;50px&#8221; header_2_font=&#8221;Oswald MEDIUM local||||||||&#8221; header_2_text_color=&#8221;#196380&#8243; header_2_font_size=&#8221;30px&#8221; header_2_line_height=&#8221;1.3em&#8221; custom_padding=&#8221;||||false|false&#8221; header_2_font_size_tablet=&#8221;&#8221; header_2_font_size_phone=&#8221;24px&#8221; header_2_font_size_last_edited=&#8221;on|phone&#8221; global_colors_info=&#8221;{}&#8221; header_2_font_size__hover_enabled=&#8221;off|desktop&#8221;]@ET-DC@eyJkeW5hbWljIjp0cnVlLCJjb250ZW50IjoicG9zdF9leGNlcnB0Iiwic2V0dGluZ3MiOnsiYmVmb3JlIjoiPGgyPiIsImFmdGVyIjoiPFwvaDI+Iiwid29yZHMiOiIiLCJyZWFkX21vcmVfbGFiZWwiOiIifX0=@[\/et_pb_text][et_pb_button button_text=&#8221;Contact us&#8221; admin_label=&#8221;Button &#8211; Kontakt&#8221; _builder_version=&#8221;4.27.0&#8243; _module_preset=&#8221;default&#8221; custom_button=&#8221;on&#8221; button_text_size=&#8221;16px&#8221; button_text_color=&#8221;#F5F3F1&#8243; button_bg_color=&#8221;#ED1C24&#8243; button_border_width=&#8221;0px&#8221; button_border_color=&#8221;#ED1C24&#8243; button_letter_spacing=&#8221;3px&#8221; button_font=&#8221;Roboto REGULAR local|600||on|||||&#8221; button_use_icon=&#8221;off&#8221; custom_padding=&#8221;11px|50px|11px|50px|true|true&#8221; box_shadow_style=&#8221;preset3&#8243; box_shadow_color=&#8221;rgba(50,62,72,0.7)&#8221; global_colors_info=&#8221;{}&#8221; button_text_color__hover_enabled=&#8221;on|hover&#8221; button_text_color__hover=&#8221;#196380&#8243; button_border_width__hover_enabled=&#8221;on|hover&#8221; button_border_color__hover_enabled=&#8221;off|desktop&#8221; button_border_color__hover=&#8221;#7BBED4&#8243; button_bg_color__hover_enabled=&#8221;on|desktop&#8221; button_bg_color__hover=&#8221;#7BBED4&#8243; button_bg_enable_color__hover=&#8221;on&#8221; button_border_width__hover=&#8221;0px&#8221;][\/et_pb_button][\/et_pb_column][et_pb_column type=&#8221;1_2&#8243; _builder_version=&#8221;4.27.3&#8243; _module_preset=&#8221;default&#8221; global_colors_info=&#8221;{}&#8221;][et_pb_image src=&#8221;@ET-DC@eyJkeW5hbWljIjp0cnVlLCJjb250ZW50IjoicG9zdF9mZWF0dXJlZF9pbWFnZSIsInNldHRpbmdzIjp7fX0=@&#8221; disabled_on=&#8221;on|off|off&#8221; admin_label=&#8221;Beitragsbild &#8211; DESKTOP&#8221; _builder_version=&#8221;4.27.4&#8243; _dynamic_attributes=&#8221;src&#8221; _module_preset=&#8221;6a021e51-6bc3-4351-8c0c-83a97b201a89&#8243; custom_padding=&#8221;0px||||false|false&#8221; border_radii=&#8221;on|7px|7px|7px|7px&#8221; border_color_all=&#8221;#FFFFFF&#8221; global_colors_info=&#8221;{}&#8221;][\/et_pb_image][\/et_pb_column][\/et_pb_row][\/et_pb_section][et_pb_section fb_built=&#8221;1&#8243; _builder_version=&#8221;4.27.3&#8243; _module_preset=&#8221;default&#8221; background_color=&#8221;#F5F3F1&#8243; custom_padding=&#8221;100px|||||&#8221; top_divider_style=&#8221;wave2&#8243; top_divider_color=&#8221;rgba(123,190,212,0.1)&#8221; bottom_divider_style=&#8221;wave2&#8243; bottom_divider_color=&#8221;rgba(123,190,212,0.2)&#8221; global_colors_info=&#8221;{}&#8221;][et_pb_row column_structure=&#8221;1_2,1_2&#8243; _builder_version=&#8221;4.27.4&#8243; _module_preset=&#8221;fddfc1be-9557-452c-96e8-f033944a0a93&#8243; custom_padding=&#8221;0px||60px||false|false&#8221; hover_enabled=&#8221;0&#8243; global_colors_info=&#8221;{}&#8221; custom_padding_phone=&#8221;0px||||false|false&#8221; sticky_enabled=&#8221;0&#8243;][et_pb_column type=&#8221;1_2&#8243; _builder_version=&#8221;4.25.1&#8243; _module_preset=&#8221;default&#8221; global_colors_info=&#8221;{}&#8221;][dipi_divider content_text=&#8221;About us&#8221; content_text_tag=&#8221;h2&#8243; items_alignment=&#8221;left&#8221; hide_first_element=&#8221;on&#8221; hide_second_element=&#8221;on&#8221; first_decoration_style=&#8221;empty&#8221; content_padding=&#8221;6px|10px|6px|10px|true|true&#8221; content_bg_color=&#8221;#0088B7&#8243; content_padding_tablet=&#8221;&#8221; content_padding_phone=&#8221;4px|10px|3px|10px|false|true&#8221; content_padding_last_edited=&#8221;on|phone&#8221; admin_label=&#8221;H2 &#8211; HiLu Brunnenkopf&#8221; _builder_version=&#8221;4.27.0&#8243; _dynamic_attributes=&#8221;content_text&#8221; _module_preset=&#8221;default&#8221; text_font=&#8221;Roboto BOLD local|||on|||||&#8221; text_text_color=&#8221;#F5F3F1&#8243; text_font_size=&#8221;16px&#8221; text_letter_spacing=&#8221;2px&#8221; custom_margin=&#8221;||0px||false|false&#8221; custom_margin_tablet=&#8221;&#8221; custom_margin_phone=&#8221;0px||||false|false&#8221; custom_margin_last_edited=&#8221;on|phone&#8221; custom_padding=&#8221;||10px||false|false&#8221; text_text_align_tablet=&#8221;&#8221; text_text_align_phone=&#8221;center&#8221; text_text_align_last_edited=&#8221;on|phone&#8221; text_font_size_tablet=&#8221;&#8221; text_font_size_phone=&#8221;14px&#8221; text_font_size_last_edited=&#8221;on|phone&#8221; text_line_height_tablet=&#8221;&#8221; text_line_height_phone=&#8221;1.3em&#8221; text_line_height_last_edited=&#8221;on|phone&#8221; global_colors_info=&#8221;{}&#8221;][\/dipi_divider][et_pb_text admin_label=&#8221;H2 &#8211; Der HiLu Brunnenkopf: Innovation f\u00fcr Ihren Brunnenbau&#8221; _builder_version=&#8221;4.27.0&#8243; _module_preset=&#8221;bd2de167-ac11-490c-8bc1-4b0ef14a6ae2&#8243; global_colors_info=&#8221;{}&#8221;]<\/p>\n<h3>A family tradition for 130 years<\/h3>\n<p><strong>For 130 years, we have been a family business dedicated to the manufacture of high-quality well filters and a wide range of finishing materials for well construction. I, Sven Oppermann, am the fifth generation to manage the company, which now operates worldwide and has gone through several social upheavals and changing political circumstances.<\/strong>[\/et_pb_text][et_pb_text _builder_version=&#8221;4.27.0&#8243; _module_preset=&#8221;bd2de167-ac11-490c-8bc1-4b0ef14a6ae2&#8243; global_colors_info=&#8221;{}&#8221;]<\/p>\n<p>Originally founded in the former East Prussia, the company had to become creative again and again after moving to the south of Brandenburg due to the hardships of the war years and the former GDR in terms of the production and manufacture of fountain filters.<\/p>\n<p>[\/et_pb_text][et_pb_text _builder_version=&#8221;4.27.0&#8243; _module_preset=&#8221;bd2de167-ac11-490c-8bc1-4b0ef14a6ae2&#8243; global_colors_info=&#8221;{}&#8221;]<\/p>\n<p>The engineering work and ideas of many clever minds resulted in the <a href=\"https:\/\/hilu.karenunfug.de\/produkte\/pvc-brunnenfilter-und-aufsatzrohr\/\" target=\"_blank\" rel=\"noopener\" title=\"HiLu slotted hole fabric filter\">HiLu slotted mesh filter<\/a>, an outstanding product that impresses with its quality and effectiveness.<\/p>\n<p>Our team consists of dedicated employees who share the values and visions of our family. From experienced mechanical engineers to energetic production staff and our dedicated office team, we work hand in hand to manufacture products of the highest quality and to be there for you personally.<\/p>\n<p>Our customers are not just a number to us, but receive personal and competent advice. If you have any questions or queries, please do not hesitate to contact us.<\/p>\n<p>[\/et_pb_text][\/et_pb_column][et_pb_column type=&#8221;1_2&#8243; _builder_version=&#8221;4.25.1&#8243; _module_preset=&#8221;default&#8221; global_colors_info=&#8221;{}&#8221;][et_pb_image src=&#8221;https:\/\/www.hilu-brunnenfilter.de\/wp-content\/uploads\/2024\/09\/HiLu-cBrunnenfilterbau-Seven-Oppermann.webp&#8221; title_text=&#8221;HiLu-cWell filter construction-Seven-Oppermann&#8221; _builder_version=&#8221;4.27.4&#8243; _module_preset=&#8221;6a021e51-6bc3-4351-8c0c-83a97b201a89&#8243; hover_enabled=&#8221;0&#8243; global_colors_info=&#8221;{}&#8221; custom_padding_last_edited=&#8221;on|phone&#8221; custom_padding_phone=&#8221;0px||||false|false&#8221; sticky_enabled=&#8221;0&#8243;][\/et_pb_image][et_pb_text _builder_version=&#8221;4.27.0&#8243; _module_preset=&#8221;bd2de167-ac11-490c-8bc1-4b0ef14a6ae2&#8243; custom_padding=&#8221;12px|||||&#8221; global_colors_info=&#8221;{}&#8221;]<\/p>\n<p>Unsere unersch\u00fctterliche Hingabe gilt der Pr\u00e4zision, Innovation und Nachhaltigkeit unserer Produkte. Unsere Brunnenfilter und Ausbaumaterialien sind nicht nur effektiv, sondern auch langlebig und innovativ. Wir verwenden nur die besten Materialien und setzen auf moderne und altbew\u00e4hrte Technologien, um sicherzustellen, dass unsere Produkte den h\u00f6chsten Standards entsprechen.<\/p>\n<p>Dank des herausragenden Wissens mehrerer Generationen sind wir jederzeit bereit, Ihre Vision und Ihre Ideen zu speziellen Filtern mit Ihnen gemeinsam zu erstellen und umzusetzen.<\/p>\n<p><a href=\"https:\/\/www.hilu-brunnenfilter.de\/en\/contact\/\"><strong>Sprechen Sie uns gerne an!<\/strong><\/a><\/p>\n<p>[\/et_pb_text][et_pb_text admin_label=&#8221;Karriere und Historie&#8221; _builder_version=&#8221;4.27.0&#8243; _module_preset=&#8221;bd2de167-ac11-490c-8bc1-4b0ef14a6ae2&#8243; link_font=&#8221;Roboto BOLD local|||on||||rgba(50,62,72,0.4)|&#8221; link_text_color=&#8221;#ED1C24&#8243; link_letter_spacing=&#8221;1px&#8221; saved_tabs=&#8221;all&#8221; global_colors_info=&#8221;{}&#8221; link_text_color__hover_enabled=&#8221;on|desktop&#8221; link_text_color__hover=&#8221;#0088B7&#8243;]<\/p>\n<p><a href=\"https:\/\/www.hilu-brunnenfilter.de\/en\/career\/\" target=\"_blank\" rel=\"noopener\" title=\"Unsere Stellenangebote\">Unsere Stellenangebote<\/a><\/p>\n<p><a href=\"https:\/\/www.hilu-brunnenfilter.de\/en\/history\/\" target=\"_blank\" rel=\"noopener\" title=\"Unsere Historie\">Unsere Historie<\/a><\/p>\n<p>[\/et_pb_text][\/et_pb_column][\/et_pb_row][\/et_pb_section][et_pb_section fb_built=&#8221;1&#8243; admin_label=&#8221;CTA > Kontakt NEU&#8221; _builder_version=&#8221;4.27.3&#8243; _module_preset=&#8221;default&#8221; background_image=&#8221;https:\/\/www.hilu-brunnenfilter.de\/wp-content\/uploads\/2024\/09\/HiLu-Brunnenfilterbau-OHG-Kontakt.webp&#8221; parallax=&#8221;on&#8221; custom_padding=&#8221;100px||100px||true|&#8221; top_divider_style=&#8221;wave2&#8243; top_divider_color=&#8221;rgba(123,190,212,0.31)&#8221; bottom_divider_style=&#8221;wave2&#8243; bottom_divider_color=&#8221;rgba(123,190,212,0.3)&#8221; global_module=&#8221;1376&#8243; saved_tabs=&#8221;all&#8221; collapsed=&#8221;on&#8221; global_colors_info=&#8221;{}&#8221;][et_pb_row _builder_version=&#8221;4.27.4&#8243; _module_preset=&#8221;default&#8221; background_color=&#8221;rgba(245,243,241,0.8)&#8221; custom_padding=&#8221;70px|150px|70px|150px|true|true&#8221; custom_padding_phone=&#8221;40px|20px|40px|20px|true|true&#8221; border_radii=&#8221;on|7px|7px|7px|7px&#8221; border_width_all=&#8221;1px&#8221; border_color_all=&#8221;#FFFFFF&#8221; global_colors_info=&#8221;{}&#8221;][et_pb_column type=&#8221;4_4&#8243; _builder_version=&#8221;4.27.3&#8243; _module_preset=&#8221;default&#8221; global_colors_info=&#8221;{}&#8221;][et_pb_text admin_label=&#8221;H3 &#8211; Wir sind f\u00fcr Sie da!&#8221; _builder_version=&#8221;4.27.4&#8243; _module_preset=&#8221;default&#8221; header_3_font=&#8221;Oswald MEDIUM local||||||||&#8221; header_3_text_align=&#8221;center&#8221; header_3_text_color=&#8221;#196380&#8243; header_3_font_size=&#8221;30px&#8221; custom_margin=&#8221;||10px||false|false&#8221; global_colors_info=&#8221;{}&#8221;]<\/p>\n<h3>We are here for you!<\/h3>\n<p>[\/et_pb_text][et_pb_text admin_label=&#8221;T &#8211; Egal, ob Sie Fragen haben, eine pers\u00f6nliche Beratung w\u00fcnschen oder bereit sind, Ihre Bestellung aufzugeben &#8211; unser Team steht Ihnen jederzeit zur Verf\u00fcgung.&#8221; _builder_version=&#8221;4.27.3&#8243; _module_preset=&#8221;bd2de167-ac11-490c-8bc1-4b0ef14a6ae2&#8243; text_font=&#8221;Roboto BOLD local||||||||&#8221; text_text_color=&#8221;#196380&#8243; text_font_size=&#8221;20px&#8221; text_orientation=&#8221;center&#8221; custom_padding=&#8221;|0px||0px|false|true&#8221; global_colors_info=&#8221;{}&#8221;]<\/p>\n<p>Whether you have any questions, would like personal advice or are ready to place your order &#8211; our team is always available to help.<\/p>\n<p>[\/et_pb_text][et_pb_button button_text=&#8221;Contact us&#8221; button_alignment=&#8221;center&#8221; admin_label=&#8221;Button &#8211; Kontakt&#8221; _builder_version=&#8221;4.27.2&#8243; _module_preset=&#8221;default&#8221; custom_button=&#8221;on&#8221; button_text_size=&#8221;16px&#8221; button_text_color=&#8221;#F5F3F1&#8243; button_bg_color=&#8221;#ED1C24&#8243; button_border_width=&#8221;0px&#8221; button_border_color=&#8221;#ED1C24&#8243; button_letter_spacing=&#8221;3px&#8221; button_font=&#8221;Roboto REGULAR local|600||on|||||&#8221; button_use_icon=&#8221;off&#8221; custom_padding=&#8221;11px|50px|11px|50px|true|true&#8221; box_shadow_style=&#8221;preset3&#8243; box_shadow_color=&#8221;rgba(50,62,72,0.7)&#8221; global_colors_info=&#8221;{}&#8221; button_text_color__hover_enabled=&#8221;on|hover&#8221; button_text_color__hover=&#8221;#196380&#8243; button_border_width__hover_enabled=&#8221;on|hover&#8221; button_border_color__hover_enabled=&#8221;off|desktop&#8221; button_border_color__hover=&#8221;#7BBED4&#8243; button_bg_color__hover_enabled=&#8221;on|desktop&#8221; button_bg_color__hover=&#8221;#7BBED4&#8243; button_bg_enable_color__hover=&#8221;on&#8221; button_border_width__hover=&#8221;0px&#8221;][\/et_pb_button][\/et_pb_column][\/et_pb_row][\/et_pb_section][et_pb_section fb_built=&#8221;1&#8243; _builder_version=&#8221;4.27.4&#8243; _module_preset=&#8221;default&#8221; background_color=&#8221;#F5F3F1&#8243; custom_padding=&#8221;100px||30px||false|false&#8221; top_divider_style=&#8221;wave2&#8243; top_divider_color=&#8221;rgba(123,190,212,0.1)&#8221; hover_enabled=&#8221;0&#8243; global_colors_info=&#8221;{}&#8221; custom_padding_last_edited=&#8221;on|phone&#8221; custom_padding_phone=&#8221;60px||||false|false&#8221; sticky_enabled=&#8221;0&#8243; custom_padding_tablet=&#8221;100px||30px||false|false&#8221;][et_pb_row _builder_version=&#8221;4.27.4&#8243; _module_preset=&#8221;default&#8221; custom_padding=&#8221;0px|150px|0px|150px|true|true&#8221; hover_enabled=&#8221;0&#8243; global_colors_info=&#8221;{}&#8221; sticky_enabled=&#8221;0&#8243; custom_padding_phone=&#8221;0px|0px||0px|false|false&#8221;][et_pb_column type=&#8221;4_4&#8243; _builder_version=&#8221;4.27.4&#8243; _module_preset=&#8221;default&#8221; hover_enabled=&#8221;0&#8243; global_colors_info=&#8221;{}&#8221; sticky_enabled=&#8221;0&#8243;][et_pb_code _builder_version=&#8221;4.27.4&#8243; _module_preset=&#8221;default&#8221; hover_enabled=&#8221;0&#8243; border_radii=&#8221;on|7px|7px|7px|7px&#8221; border_width_all=&#8221;1px&#8221; border_color_all=&#8221;#196380&#8243; box_shadow_style=&#8221;preset3&#8243; box_shadow_color=&#8221;rgba(50,62,72,0.3)&#8221; global_colors_info=&#8221;{}&#8221; sticky_enabled=&#8221;0&#8243;]<iframe loading=\"lazy\" width=\"560\" height=\"315\" src=\"https:\/\/www.youtube.com\/embed\/qeMdiloce1Q?si=yPpGhI5Uu8j_nNoq\" title=\"YouTube video player\" frameborder=\"0\" allow=\"accelerometer; autoplay; clipboard-write; encrypted-media; gyroscope; picture-in-picture; web-share\" referrerpolicy=\"strict-origin-when-cross-origin\" allowfullscreen=\"\"><\/iframe>[\/et_pb_code][\/et_pb_column][\/et_pb_row][\/et_pb_section]<\/p>\n","protected":false},"excerpt":{"rendered":"<p>  Innovation meets 130 years of company history.<\/p>\n","protected":false},"author":1,"featured_media":1582,"parent":0,"menu_order":0,"comment_status":"closed","ping_status":"closed","template":"","meta":{"_acf_changed":false,"_et_pb_use_builder":"on","_et_pb_old_content":"","_et_gb_content_width":"","footnotes":""},"folder":[],"class_list":["post-1843","page","type-page","status-publish","has-post-thumbnail","hentry"],"acf":[],"_links":{"self":[{"href":"https:\/\/www.hilu-brunnenfilter.de\/en\/wp-json\/wp\/v2\/pages\/1843","targetHints":{"allow":["GET"]}}],"collection":[{"href":"https:\/\/www.hilu-brunnenfilter.de\/en\/wp-json\/wp\/v2\/pages"}],"about":[{"href":"https:\/\/www.hilu-brunnenfilter.de\/en\/wp-json\/wp\/v2\/types\/page"}],"author":[{"embeddable":true,"href":"https:\/\/www.hilu-brunnenfilter.de\/en\/wp-json\/wp\/v2\/users\/1"}],"replies":[{"embeddable":true,"href":"https:\/\/www.hilu-brunnenfilter.de\/en\/wp-json\/wp\/v2\/comments?post=1843"}],"version-history":[{"count":6,"href":"https:\/\/www.hilu-brunnenfilter.de\/en\/wp-json\/wp\/v2\/pages\/1843\/revisions"}],"predecessor-version":[{"id":2302,"href":"https:\/\/www.hilu-brunnenfilter.de\/en\/wp-json\/wp\/v2\/pages\/1843\/revisions\/2302"}],"wp:featuredmedia":[{"embeddable":true,"href":"https:\/\/www.hilu-brunnenfilter.de\/en\/wp-json\/wp\/v2\/media\/1582"}],"wp:attachment":[{"href":"https:\/\/www.hilu-brunnenfilter.de\/en\/wp-json\/wp\/v2\/media?parent=1843"}],"wp:term":[{"taxonomy":"folder","embeddable":true,"href":"https:\/\/www.hilu-brunnenfilter.de\/en\/wp-json\/wp\/v2\/folder?post=1843"}],"curies":[{"name":"wp","href":"https:\/\/api.w.org\/{rel}","templated":true}]}}